{"id":2067,"date":"2023-11-17T14:01:29","date_gmt":"2023-11-17T13:01:29","guid":{"rendered":"https:\/\/www.andreacalestani.it\/parma\/fashion-in-parma\/"},"modified":"2024-02-17T17:04:37","modified_gmt":"2024-02-17T16:04:37","slug":"fashion-in-parma","status":"publish","type":"page","link":"https:\/\/www.andreacalestani.it\/en\/urban-stories\/parma\/fashion-in-parma\/","title":{"rendered":"Fashion in Parma"},"content":{"rendered":"<div class=\"wpb-content-wrapper\">[vc_row][vc_column width=&#8221;1\/4&#8243;][vc_column_text css=&#8221;.vc_custom_1707495573878{margin-right: 50px !important;}&#8221;]They were my mother&#8217;s stories, which made me fall in love with Parma, with a poignant nostalgia. When we were exiles for long years.<\/p>\n<p>She was the daughter of farmers from the province, and she raised us with the precept of &#8220;vest\u00ed &#8216;dla f\u00e9sta&#8221;(clothes you would wear only on a Sunday or on a special occasion). To go to the village: to church on Sunday or to the market on Saturday, to the Ferragosto (15th August) festival. For special holidays, and in obedience to ceremonies with relatives: weddings, funerals, baptisms and confirmations.<\/p>\n<p>A venial ostentation, arranged with care, to make a good impression, with dignity. A wardrobe of a few essential items, which came from the hands of the town tailor. Which smelled like dried lavender flowers. Sober garments, with a timeless elegance.<\/p>\n<p>Without fashion, we didn&#8217;t know what it meant. Her best youth coincided with a difficult life during the war.<\/p>\n<p>But it didn&#8217;t stop her from dreaming about how city ladies dressed. With easy-going irony for a slight unexpressed desire, he depicted what were the exaggerated and flashy fashion canons of the glittering post-war years: &#8220;&#8230; &#8216;na v\u00e9sta con i fior\u00f3n [a dress designed with large flowers] [una veste disegnata di grossi fiori]&#8230; with i b\u00f2l\u00f3n [with large polka dots]\u201d. [con grossi pois]\u201d.<\/p>\n<p>If then in the background of the catwalk there is Parma (the opinionated elegant petite capital) then I willingly sat down at the edge to look for clues. With a pinch of that same irony that my mother liked so much.[\/vc_column_text][vc_empty_space height=&#8221;16px&#8221;][vc_btn title=&#8221;Back&#8221; color=&#8221;black&#8221; size=&#8221;sm&#8221; i_icon_fontawesome=&#8221;fas fa-arrow-alt-circle-left&#8221; add_icon=&#8221;true&#8221; link=&#8221;url:https%3A%2F%2Fwww.andreacalestani.it%2Furban-stories%2F|title:Urban%20stories|&#8221;][\/vc_column][vc_column width=&#8221;3\/4&#8243;][vc_masonry_media_grid grid_id=&#8221;vc_gid:1707495110050-9afe73444b9bfb935326f55ae64771c4-10&#8243; include=&#8221;2053,2055,2057,2059,2061,2063,2015,2017,2019,2021,2023,2025,2027,2029,2031,2033,2035,2037,2039,2041,2043,2045,2047,2049,2051&#8243; css=&#8221;.vc_custom_1707495430047{border-top-width: 3px !important;border-right-width: 3px !important;border-bottom-width: 3px !important;border-left-width: 3px !important;border-left-color: #ffffff !important;border-left-style: initial !important;border-right-color: #ffffff !important;border-right-style: initial !important;border-top-color: #ffffff !important;border-top-style: initial !important;border-bottom-color: #ffffff !important;border-bottom-style: initial !important;}&#8221;][\/vc_column][\/vc_row]\n<\/div>","protected":false},"excerpt":{"rendered":"<p>[vc_row][vc_column width=&#8221;1\/4&#8243;][vc_column_text css=&#8221;.vc_custom_1707495573878{margin-right: 50px !important;}&#8221;]They were my mother&#8217;s stories, which made me fall in love&#8230;<\/p>\n","protected":false},"author":1,"featured_media":2013,"parent":1957,"menu_order":0,"comment_status":"closed","ping_status":"closed","template":"","meta":{"footnotes":""},"class_list":["post-2067","page","type-page","status-publish","has-post-thumbnail","hentry"],"_links":{"self":[{"href":"https:\/\/www.andreacalestani.it\/en\/wp-json\/wp\/v2\/pages\/2067","targetHints":{"allow":["GET"]}}],"collection":[{"href":"https:\/\/www.andreacalestani.it\/en\/wp-json\/wp\/v2\/pages"}],"about":[{"href":"https:\/\/www.andreacalestani.it\/en\/wp-json\/wp\/v2\/types\/page"}],"author":[{"embeddable":true,"href":"https:\/\/www.andreacalestani.it\/en\/wp-json\/wp\/v2\/users\/1"}],"replies":[{"embeddable":true,"href":"https:\/\/www.andreacalestani.it\/en\/wp-json\/wp\/v2\/comments?post=2067"}],"version-history":[{"count":0,"href":"https:\/\/www.andreacalestani.it\/en\/wp-json\/wp\/v2\/pages\/2067\/revisions"}],"up":[{"embeddable":true,"href":"https:\/\/www.andreacalestani.it\/en\/wp-json\/wp\/v2\/pages\/1957"}],"wp:featuredmedia":[{"embeddable":true,"href":"https:\/\/www.andreacalestani.it\/en\/wp-json\/wp\/v2\/media\/2013"}],"wp:attachment":[{"href":"https:\/\/www.andreacalestani.it\/en\/wp-json\/wp\/v2\/media?parent=2067"}],"curies":[{"name":"wp","href":"https:\/\/api.w.org\/{rel}","templated":true}]}}